{"id":1184,"date":"2017-02-08T09:59:59","date_gmt":"2017-02-08T09:59:59","guid":{"rendered":"http:\/\/consulting.stylemixthemes.com\/demo\/?page_id=1184"},"modified":"2025-02-28T08:36:17","modified_gmt":"2025-02-28T12:36:17","slug":"contacto","status":"publish","type":"page","link":"http:\/\/startupedu.do\/fr\/contacto\/","title":{"rendered":"Contact"},"content":{"rendered":"<div data-elementor-type=\"wp-page\" data-elementor-id=\"1184\" class=\"elementor elementor-1184\">\n\t\t\t\t<div class=\"elementor-element elementor-element-e76f6f8 e-flex e-con-boxed e-con e-parent\" data-id=\"e76f6f8\" data-element_type=\"container\">\n\t\t\t\t\t<div class=\"e-con-inner\">\n\t\t<div class=\"elementor-element elementor-element-cb013fb e-con-full e-flex e-con e-child\" data-id=\"cb013fb\" data-element_type=\"container\" data-settings=\"{&quot;background_background&quot;:&quot;classic&quot;}\">\n\t\t\t\t<div class=\"elementor-element elementor-element-acf07f3 elementor-widget elementor-widget-vc_custom_heading\" data-id=\"acf07f3\" data-element_type=\"widget\" data-widget_type=\"vc_custom_heading.default\">\n\t\t\t\t<div class=\"elementor-widget-container\">\n\t\t\t\t\t<div class=\"vc_custom_heading  consulting_heading_font  text_align_left\" ><h2 style=\"text-align: left;font-weight:700\" class=\"consulting-custom-title\">Cont\u00e1ctanos\n<\/h2><\/div>\t\t\t\t<\/div>\n\t\t\t\t<\/div>\n\t\t\t\t<div class=\"elementor-element elementor-element-de42a57 elementor-widget elementor-widget-text-editor\" data-id=\"de42a57\" data-element_type=\"widget\" data-widget_type=\"text-editor.default\">\n\t\t\t\t<div class=\"elementor-widget-container\">\n\t\t\t\t\t\t\t\t\t<p><span>Si tienes una pregunta, comentario, o quieres hacer negocios con nosotros, puedes contactarnos en los siguientes medios.<\/span><\/p>\n\t\t\t\t\t\t\t\t<\/div>\n\t\t\t\t<\/div>\n\t\t\t\t<div class=\"elementor-element elementor-element-0c89b3c elementor-widget elementor-widget-vc_custom_heading\" data-id=\"0c89b3c\" data-element_type=\"widget\" data-widget_type=\"vc_custom_heading.default\">\n\t\t\t\t<div class=\"elementor-widget-container\">\n\t\t\t\t\t<div class=\"vc_custom_heading border_base_color consulting_heading_font  text_align_left title_no_stripe\" ><h3 style=\"font-size: 20px;color: #222222;text-align: left;line-height: 45px;font-weight:700\" class=\"consulting-custom-title\">Informaci\u00f3n de Contacto\n<\/h3><\/div>\t\t\t\t<\/div>\n\t\t\t\t<\/div>\n\t\t<div class=\"elementor-element elementor-element-8a4c4d2 e-flex e-con-boxed e-con e-child\" data-id=\"8a4c4d2\" data-element_type=\"container\">\n\t\t\t\t\t<div class=\"e-con-inner\">\n\t\t<div class=\"elementor-element elementor-element-a588065 e-con-full e-flex e-con e-child\" data-id=\"a588065\" data-element_type=\"container\" data-settings=\"{&quot;background_background&quot;:&quot;classic&quot;}\">\n\t\t\t\t<div class=\"elementor-element elementor-element-945e65e elementor-widget elementor-widget-stm_contacts_widget\" data-id=\"945e65e\" data-element_type=\"widget\" data-widget_type=\"stm_contacts_widget.default\">\n\t\t\t\t<div class=\"elementor-widget-container\">\n\t\t\t\t\t\n<div class=\"stm_contacts_widget consulting_elementor_contacts_widget style_4\">\n    \n    \n    \n        <ul>\n                            <li>\n                    <div class=\"icon\"><i class=\"fa fa-map-marker\"><\/i><\/div>\n                    <div class=\"text\">Las Acacias no. 5, Piantini, D.N., Santo Domingo, Rep\u00fablica Dominicana<\/div>\n                <\/li>\n                                        <li>\n                    <div class=\"icon\"><i class=\"fa fa-phone\"><\/i><\/div>\n                    <div class=\"text\">\n                        +1 (829) 619 3168                                            <\/div>\n                <\/li>\n                                                        <\/ul>\n        \n    \n<\/div>\t\t\t\t<\/div>\n\t\t\t\t<\/div>\n\t\t\t\t<\/div>\n\t\t\t\t\t<\/div>\n\t\t\t\t<\/div>\n\t\t<div class=\"elementor-element elementor-element-f836aa5 e-flex e-con-boxed e-con e-child\" data-id=\"f836aa5\" data-element_type=\"container\">\n\t\t\t\t\t<div class=\"e-con-inner\">\n\t\t<div class=\"elementor-element elementor-element-5a2feb4 e-con-full e-flex e-con e-child\" data-id=\"5a2feb4\" data-element_type=\"container\" data-settings=\"{&quot;background_background&quot;:&quot;classic&quot;}\">\n\t\t\t\t<div class=\"elementor-element elementor-element-74c355b elementor-widget elementor-widget-stm_contacts_widget\" data-id=\"74c355b\" data-element_type=\"widget\" data-widget_type=\"stm_contacts_widget.default\">\n\t\t\t\t<div class=\"elementor-widget-container\">\n\t\t\t\t\t\n<div class=\"stm_contacts_widget consulting_elementor_contacts_widget style_4\">\n    \n    \n    \n        <ul>\n                            <li>\n                    <div class=\"icon\"><i class=\"fa fa-map-marker\"><\/i><\/div>\n                    <div class=\"text\">Ave. Las Camelias y, C. Los Casta\u00f1os #17, San Salvador, El Salvador<\/div>\n                <\/li>\n                                        <li>\n                    <div class=\"icon\"><i class=\"fa fa-phone\"><\/i><\/div>\n                    <div class=\"text\">\n                         +503 7118 8060                                            <\/div>\n                <\/li>\n                                                        <\/ul>\n        \n    \n<\/div>\t\t\t\t<\/div>\n\t\t\t\t<\/div>\n\t\t\t\t<\/div>\n\t\t\t\t\t<\/div>\n\t\t\t\t<\/div>\n\t\t<div class=\"elementor-element elementor-element-1b3aad0 e-con-full e-flex e-con e-child\" data-id=\"1b3aad0\" data-element_type=\"container\" data-settings=\"{&quot;background_background&quot;:&quot;classic&quot;}\">\n\t\t\t\t<div class=\"elementor-element elementor-element-73d09d1 elementor-widget elementor-widget-stm_contacts_widget\" data-id=\"73d09d1\" data-element_type=\"widget\" data-widget_type=\"stm_contacts_widget.default\">\n\t\t\t\t<div class=\"elementor-widget-container\">\n\t\t\t\t\t\n<div class=\"stm_contacts_widget consulting_elementor_contacts_widget style_4\">\n    \n    \n    \n        <ul>\n                                                                <li>\n                    <div class=\"icon\"><i class=\"fa fa-envelope\"><\/i><\/div>\n                    <div class=\"text\"><a href=\"mailto:&#115;t&#97;&#114;&#116;u&#112;&#46;e&#100;&#117;.do&#64;&#103;m&#97;&#105;&#108;&#46;c&#111;&#109;\">star&#116;&#117;&#112;.edu.d&#111;&#64;&#103;&#109;&#97;il.com<\/a><\/div>\n                <\/li>\n                                        <li>\n                    <div class=\"icon\"><i class=\"fa fa-clock-o\" aria-hidden=\"true\"><\/i><\/div>\n                    <div class=\"text\">Lunes\u2013Viernes: 8:00AM\u20136:00PM<\/div>\n                <\/li>\n                    <\/ul>\n                    <ul class=\"socials\">\n                                    <li><a href=\"https:\/\/www.facebook.com\/startupedu.do\/\" target=\"_blank\" class=\"social-facebook\"><i class=\"fa fa-facebook\"><\/i><\/a><\/li>\n                                                    <li><a href=\"https:\/\/x.com\/startupedu_do\" target=\"_blank\" class=\"social-twitter\"><i class=\"fa fa-twitter\"><\/i><\/a><\/li>\n                                                    <li><a href=\"https:\/\/www.linkedin.com\/company\/startupedu\/\" target=\"_blank\" class=\"social-linkedin\"><i class=\"fa fa-linkedin\"><\/i><\/a><\/li>\n                                                    <li><a href=\"https:\/\/www.instagram.com\/startupedu.do\/\" target=\"_blank\" class=\"social-google-plus\"><i class=\"fa fa-google-plus\"><\/i><\/a><\/li>\n                                            <\/ul>\n        \n    \n<\/div>\t\t\t\t<\/div>\n\t\t\t\t<\/div>\n\t\t\t\t<\/div>\n\t\t\t\t<\/div>\n\t\t<div class=\"elementor-element elementor-element-ae868b1 form_full-right_width e-con-full e-flex e-con e-child\" data-id=\"ae868b1\" data-element_type=\"container\" data-settings=\"{&quot;background_background&quot;:&quot;classic&quot;}\">\n\t\t\t\t<div class=\"elementor-element elementor-element-8f60cca elementor-widget elementor-widget-vc_custom_heading\" data-id=\"8f60cca\" data-element_type=\"widget\" data-widget_type=\"vc_custom_heading.default\">\n\t\t\t\t<div class=\"elementor-widget-container\">\n\t\t\t\t\t<div class=\"vc_custom_heading  consulting_heading_font  text_align_left\" ><h4 style=\"text-align: left;font-weight:700\" class=\"consulting-custom-title\">Escribe un mensaje\n<\/h4><\/div>\t\t\t\t<\/div>\n\t\t\t\t<\/div>\n\t\t\t\t<div class=\"elementor-element elementor-element-55f8e22 elementor-widget elementor-widget-stm_contact_form_7\" data-id=\"55f8e22\" data-element_type=\"widget\" data-widget_type=\"stm_contact_form_7.default\">\n\t\t\t\t<div class=\"elementor-widget-container\">\n\t\t\t\t\t\n<div class=\"wpcf7 no-js\" id=\"wpcf7-f1178-o1\" lang=\"en-US\" dir=\"ltr\" data-wpcf7-id=\"1178\">\n<div class=\"screen-reader-response\"><p role=\"status\" aria-live=\"polite\" aria-atomic=\"true\"><\/p> <ul><\/ul><\/div>\n<form action=\"\/fr\/wp-json\/wp\/v2\/pages\/1184#wpcf7-f1178-o1\" method=\"post\" class=\"wpcf7-form init\" aria-label=\"Contact form\" enctype=\"multipart\/form-data\" novalidate=\"novalidate\" data-status=\"init\" data-trp-original-action=\"\/fr\/wp-json\/wp\/v2\/pages\/1184#wpcf7-f1178-o1\">\n<fieldset class=\"hidden-fields-container\"><input type=\"hidden\" name=\"_wpcf7\" value=\"1178\" \/><input type=\"hidden\" name=\"_wpcf7_version\" value=\"6.1.2\" \/><input type=\"hidden\" name=\"_wpcf7_locale\" value=\"en_US\" \/><input type=\"hidden\" name=\"_wpcf7_unit_tag\" value=\"wpcf7-f1178-o1\" \/><input type=\"hidden\" name=\"_wpcf7_container_post\" value=\"0\" \/><input type=\"hidden\" name=\"_wpcf7_posted_data_hash\" value=\"\" \/>\n<\/fieldset>\n<div class=\"request_callback\">\n        <div class=\"input-group\">\n            <span class=\"wpcf7-form-control-wrap\" data-name=\"message\"><textarea cols=\"40\" rows=\"10\" maxlength=\"2000\" class=\"wpcf7-form-control wpcf7-textarea wpcf7-validates-as-required height147\" aria-required=\"true\" aria-invalid=\"false\" placeholder=\"Mensaje *\" name=\"message\"><\/textarea><\/span>\n        <\/div>\n        <div class=\"input-group\">\n            <span class=\"wpcf7-form-control-wrap\" data-name=\"text-name\"><input size=\"40\" maxlength=\"400\" class=\"wpcf7-form-control wpcf7-text wpcf7-validates-as-required\" aria-required=\"true\" aria-invalid=\"false\" placeholder=\"Nombre *\" value=\"\" type=\"text\" name=\"text-name\" \/><\/span>\n        <\/div>\n        <div class=\"input-group\">\n            <span class=\"wpcf7-form-control-wrap\" data-name=\"email\"><input size=\"40\" maxlength=\"400\" class=\"wpcf7-form-control wpcf7-email wpcf7-validates-as-required wpcf7-text wpcf7-validates-as-email\" aria-required=\"true\" aria-invalid=\"false\" placeholder=\"E-mail *\" value=\"\" type=\"email\" name=\"email\" \/><\/span>\n        <\/div>\n        <div class=\"input-group\">\n            <span class=\"wpcf7-form-control-wrap\" data-name=\"menu-774\"><select class=\"wpcf7-form-control wpcf7-select wpcf7-validates-as-required\" aria-required=\"true\" aria-invalid=\"false\" name=\"menu-774\"><option value=\"\">Raz\u00f3n de contacto *<\/option><option value=\"Consulta\">Consulta<\/option><option value=\"Cotizar servicios\">Cotizar servicios<\/option><option value=\"Formar parte de nuestro equipo consultor\">Formar parte de nuestro equipo consultor<\/option><option value=\"Otro\">Otro<\/option><\/select><\/span>\n        <\/div>\n        <div class=\"input-group\">\n<span class=\"wpcf7-form-control-wrap\" data-name=\"file-adjunto\"><input size=\"40\" class=\"wpcf7-form-control wpcf7-file\" id=\"archivo\" accept=\".pdf,.jpg,.png,.doc,.docx\" aria-invalid=\"false\" type=\"file\" name=\"file-adjunto\" \/><\/span>\n<\/div>\n        <div class=\"input-group\">\n            <button type=\"submit\" class=\"button size-lg icon_right\">Envoyer <i class=\"fa fa-chevron-right\"><\/i><\/button>\n        <\/div>\n<\/div><p style=\"display: none !important;\" class=\"akismet-fields-container\" data-prefix=\"_wpcf7_ak_\"><label>&#916;<textarea name=\"_wpcf7_ak_hp_textarea\" cols=\"45\" rows=\"8\" maxlength=\"100\"><\/textarea><\/label><input type=\"hidden\" id=\"ak_js_1\" name=\"_wpcf7_ak_js\" value=\"50\"\/><script>document.getElementById( \"ak_js_1\" ).setAttribute( \"value\", ( new Date() ).getTime() );<\/script><\/p><div class=\"wpcf7-response-output\" aria-hidden=\"true\"><\/div>\n<input type=\"hidden\" name=\"trp-form-language\" value=\"fr\"\/><\/form>\n<\/div>\n\t\t\t\t\t\t<\/div>\n\t\t\t\t<\/div>\n\t\t\t\t<\/div>\n\t\t\t\t\t<\/div>\n\t\t\t\t<\/div>\n\t\t\t\t<\/div>","protected":false},"excerpt":{"rendered":"<p>Cont\u00e1ctanos Si tienes una pregunta, comentario, o quieres hacer negocios con nosotros, puedes contactarnos en los siguientes medios. Informaci\u00f3n de Contacto Las Acacias no. 5, Piantini, D.N., Santo Domingo, Rep\u00fablica Dominicana +1 (829) 619 3168 Ave. Las Camelias y, C. Los Casta\u00f1os #17, San Salvador, El Salvador +503 7118 8060 s&#116;&#97;rt&#117;p.edu&#46;d&#111;&#64;&#103;mai&#108;&#46;co&#109; Lunes\u2013Viernes: 8:00AM\u20136:00PM Escribe un<\/p>","protected":false},"author":1,"featured_media":0,"parent":0,"menu_order":0,"comment_status":"closed","ping_status":"closed","template":"","meta":{"footnotes":""},"class_list":["post-1184","page","type-page","status-publish","hentry"],"_links":{"self":[{"href":"http:\/\/startupedu.do\/fr\/wp-json\/wp\/v2\/pages\/1184","targetHints":{"allow":["GET"]}}],"collection":[{"href":"http:\/\/startupedu.do\/fr\/wp-json\/wp\/v2\/pages"}],"about":[{"href":"http:\/\/startupedu.do\/fr\/wp-json\/wp\/v2\/types\/page"}],"author":[{"embeddable":true,"href":"http:\/\/startupedu.do\/fr\/wp-json\/wp\/v2\/users\/1"}],"replies":[{"embeddable":true,"href":"http:\/\/startupedu.do\/fr\/wp-json\/wp\/v2\/comments?post=1184"}],"version-history":[{"count":51,"href":"http:\/\/startupedu.do\/fr\/wp-json\/wp\/v2\/pages\/1184\/revisions"}],"predecessor-version":[{"id":8013,"href":"http:\/\/startupedu.do\/fr\/wp-json\/wp\/v2\/pages\/1184\/revisions\/8013"}],"wp:attachment":[{"href":"http:\/\/startupedu.do\/fr\/wp-json\/wp\/v2\/media?parent=1184"}],"curies":[{"name":"wp","href":"https:\/\/api.w.org\/{rel}","templated":true}]}}