{"id":6352,"date":"2015-12-15T07:37:33","date_gmt":"2015-12-15T07:37:33","guid":{"rendered":"http:\/\/consulting.stylemixthemes.com\/demo\/?page_id=9"},"modified":"2025-02-28T07:39:34","modified_gmt":"2025-02-28T11:39:34","slug":"nosotros","status":"publish","type":"page","link":"http:\/\/startupedu.do\/fr\/nosotros\/","title":{"rendered":"Nosotros"},"content":{"rendered":"<div data-elementor-type=\"wp-page\" data-elementor-id=\"6352\" class=\"elementor elementor-6352\">\n\t\t\t\t\t\t<section class=\"elementor-section elementor-top-section elementor-element elementor-element-e235908 elementor-section-boxed elementor-section-height-default elementor-section-height-default\" data-id=\"e235908\" data-element_type=\"section\" data-settings=\"{&quot;background_background&quot;:&quot;classic&quot;}\">\n\t\t\t\t\t\t<div class=\"elementor-container elementor-column-gap-default\">\n\t\t\t\t\t<div class=\"elementor-column elementor-col-100 elementor-top-column elementor-element elementor-element-e235e4c\" data-id=\"e235e4c\" data-element_type=\"column\">\n\t\t\t<div class=\"elementor-widget-wrap elementor-element-populated\">\n\t\t\t\t\t\t<div class=\"elementor-element elementor-element-e2363dc elementor-widget elementor-widget-text-editor\" data-id=\"e2363dc\" data-element_type=\"widget\" data-widget_type=\"text-editor.default\">\n\t\t\t\t<div class=\"elementor-widget-container\">\n\t\t\t\t\t\t\t\t\t<h3>Sobre StartupEdu<\/h3>\n<p><span style=\"font-weight: 400;\">Somos una Consultora internacional en gesti\u00f3n, coordinaci\u00f3n, monitoreo y evaluaci\u00f3n de proyectos de cooperaci\u00f3n internacional, con enfoque al impacto social, econ\u00f3mico, emprendimiento y la innovaci\u00f3n en varios pa\u00edses de Latinoam\u00e9rica. Cuenta adem\u00e1s con experiencia espec\u00edfica en comunicaci\u00f3n institucional, atenci\u00f3n al cliente interno y externo, manejo de personal, an\u00e1lisis de datos y tendencias, comercializaci\u00f3n y acceso a mercados, y cumplimiento de KPI\u00b4s.<\/span><\/p>\n<p><span style=\"font-size: 11pt; font-family: Roboto,sans-serif; color: #0d0d0d; background-color: transparent; font-weight: 400; font-style: normal; font-variant: normal; text-decoration: none; vertical-align: baseline; white-space: pre-wrap;\">Desde nuestra fundaci\u00f3n en 2021 en la Rep\u00fablica Dominicana, nos dedicamos a potenciar empresas y organizaciones, impulsando su crecimiento y sostenibilidad.<\/span><\/p>\n<p><span style=\"font-weight: 400;\">StartupEDU nace de la fusi\u00f3n de dos conceptos, el emprendimiento y la educaci\u00f3n:<\/span><\/p>\n<p><b>(Startup) Emprendimiento<\/b><span style=\"font-weight: 400;\"> como palanca para el desarrollo local y global, como mentalidad y cultura transformadora hacia el desarrollo social, ambiental y econ\u00f3mico, a trav\u00e9s del empoderamiento e independencia para la toma de decisiones y la generaci\u00f3n de ingresos.<\/span><\/p>\n<p><b>(EDU) Educaci\u00f3n<\/b><span style=\"font-weight: 400;\"> como v\u00eda para lograr dicha transformaci\u00f3n, proponiendo soluciones a las brechas encontradas a trav\u00e9s de la creaci\u00f3n de capacidades en las partes interesadas, a trav\u00e9s de metodolog\u00edas, herramientas y estrategias basadas en la andragog\u00eda (educaci\u00f3n de adultos) y en la generaci\u00f3n de impacto.<\/span><\/p>\n<p><span style=\"font-weight: 400;\">Empoderamos a trav\u00e9s del emprendimiento y la educaci\u00f3n. En StartupEDU, fusionamos el poder del emprendimiento (Startup) con la transformaci\u00f3n que brinda la educaci\u00f3n (EDU). Utilizamos metodolog\u00edas andrag\u00f3gicas para cerrar brechas y generar un impacto positivo.<\/span><\/p>\n<p>\u00a0<\/p>\n\t\t\t\t\t\t\t\t<\/div>\n\t\t\t\t<\/div>\n\t\t\t\t<section class=\"elementor-section elementor-top-section elementor-element elementor-element-e23686e elementor-section-boxed elementor-section-height-default elementor-section-height-default\" data-id=\"e23686e\" data-element_type=\"section\">\n\t\t\t\t\t\t<div class=\"elementor-container elementor-column-gap-default\">\n\t\t\t\t\t<div class=\"elementor-column elementor-col-33 elementor-top-column elementor-element elementor-element-e236c55\" data-id=\"e236c55\" data-element_type=\"column\">\n\t\t\t<div class=\"elementor-widget-wrap elementor-element-populated\">\n\t\t\t\t\t\t<div class=\"elementor-element elementor-element-1ea0b17 elementor-widget elementor-widget-vc_custom_heading\" data-id=\"1ea0b17\" data-element_type=\"widget\" data-widget_type=\"vc_custom_heading.default\">\n\t\t\t\t<div class=\"elementor-widget-container\">\n\t\t\t\t\t<div class=\"vc_custom_heading no_stripe consulting_heading_font  text_align_left\" ><h4 style=\"color: #222222;text-align: left;font-weight:700\" class=\"consulting-custom-title\">Nuestra Misi\u00f3n\n<\/h4><\/div>\t\t\t\t<\/div>\n\t\t\t\t<\/div>\n\t\t\t\t<div class=\"elementor-element elementor-element-e237278 elementor-widget elementor-widget-text-editor\" data-id=\"e237278\" data-element_type=\"widget\" data-widget_type=\"text-editor.default\">\n\t\t\t\t<div class=\"elementor-widget-container\">\n\t\t\t\t\t\t\t\t\t<p><span style=\"font-weight: 400;\">Ayudar a personas y organizaciones en sus procesos de independencia econ\u00f3mica, a trav\u00e9s del acompa\u00f1amiento experto y la educaci\u00f3n.<\/span><\/p>\n\t\t\t\t\t\t\t\t<\/div>\n\t\t\t\t<\/div>\n\t\t\t\t\t<\/div>\n\t\t<\/div>\n\t\t\t\t<div class=\"elementor-column elementor-col-33 elementor-top-column elementor-element elementor-element-e237490\" data-id=\"e237490\" data-element_type=\"column\">\n\t\t\t<div class=\"elementor-widget-wrap elementor-element-populated\">\n\t\t\t\t\t\t<div class=\"elementor-element elementor-element-e237858 elementor-widget elementor-widget-vc_custom_heading\" data-id=\"e237858\" data-element_type=\"widget\" data-widget_type=\"vc_custom_heading.default\">\n\t\t\t\t<div class=\"elementor-widget-container\">\n\t\t\t\t\t<div class=\"vc_custom_heading no_stripe consulting_heading_font  text_align_left\" ><h4 style=\"color: #222222;text-align: left;font-weight:700\" class=\"consulting-custom-title\">Nuestra Visi\u00f3n\n<\/h4><\/div>\t\t\t\t<\/div>\n\t\t\t\t<\/div>\n\t\t\t\t<div class=\"elementor-element elementor-element-c29fb99 elementor-widget elementor-widget-text-editor\" data-id=\"c29fb99\" data-element_type=\"widget\" data-widget_type=\"text-editor.default\">\n\t\t\t\t<div class=\"elementor-widget-container\">\n\t\t\t\t\t\t\t\t\t<p><span style=\"font-weight: 400;\">Somos una empresa reconocida por el acompa\u00f1amiento experto y de calidad, la creaci\u00f3n de metodolog\u00edas, y la construcci\u00f3n de alianzas entre actores claves. Dedicada al fortalecimiento de capacidades en personas emprendedoras, empresarias y organizaciones, mediante educaci\u00f3n, asesor\u00eda y capacitaci\u00f3n.<\/span><\/p>\n\t\t\t\t\t\t\t\t<\/div>\n\t\t\t\t<\/div>\n\t\t\t\t\t<\/div>\n\t\t<\/div>\n\t\t\t\t<div class=\"elementor-column elementor-col-33 elementor-top-column elementor-element elementor-element-d716196\" data-id=\"d716196\" data-element_type=\"column\">\n\t\t\t<div class=\"elementor-widget-wrap elementor-element-populated\">\n\t\t\t\t\t\t<div class=\"elementor-element elementor-element-d0df270 elementor-widget elementor-widget-vc_custom_heading\" data-id=\"d0df270\" data-element_type=\"widget\" data-widget_type=\"vc_custom_heading.default\">\n\t\t\t\t<div class=\"elementor-widget-container\">\n\t\t\t\t\t<div class=\"vc_custom_heading no_stripe consulting_heading_font  text_align_left\" ><h4 style=\"color: #222222;text-align: left;font-weight:700\" class=\"consulting-custom-title\">Valores\n<\/h4><\/div>\t\t\t\t<\/div>\n\t\t\t\t<\/div>\n\t\t\t\t<div class=\"elementor-element elementor-element-5ff432b elementor-widget elementor-widget-text-editor\" data-id=\"5ff432b\" data-element_type=\"widget\" data-widget_type=\"text-editor.default\">\n\t\t\t\t<div class=\"elementor-widget-container\">\n\t\t\t\t\t\t\t\t\t<ul>\n<li><span style=\"font-weight: 400;\">Reputaci\u00f3n<\/span><\/li>\n<li><span style=\"font-weight: 400;\">Integridad<\/span><\/li>\n<li><span style=\"font-weight: 400;\">Sinergia<\/span><\/li>\n<li><span style=\"font-weight: 400;\">Adaptabilidad<\/span><\/li>\n<li><span style=\"font-weight: 400;\">Inclusi\u00f3n<\/span><\/li>\n<li><span style=\"font-weight: 400;\">Respeto<\/span><\/li>\n<\/ul>\n\t\t\t\t\t\t\t\t<\/div>\n\t\t\t\t<\/div>\n\t\t\t\t\t<\/div>\n\t\t<\/div>\n\t\t\t\t\t<\/div>\n\t\t<\/section>\n\t\t\t\t\t<\/div>\n\t\t<\/div>\n\t\t\t\t<div class=\"elementor-column elementor-col-25 elementor-top-column elementor-element elementor-element-e2383ad elementor-hidden-tablet elementor-hidden-phone\" data-id=\"e2383ad\" data-element_type=\"column\">\n\t\t\t<div class=\"elementor-widget-wrap elementor-element-populated\">\n\t\t\t\t\t\t<div class=\"elementor-element elementor-element-e238832 elementor-widget elementor-widget-stm_sidebar\" data-id=\"e238832\" data-element_type=\"widget\" data-widget_type=\"stm_sidebar.default\">\n\t\t\t\t<div class=\"elementor-widget-container\">\n\t\t\t\t\t\n<div class=\"stm_sidebar consulting_elementor_sidebar\">\n\n            \t\t<div data-elementor-type=\"wp-post\" data-elementor-id=\"311\" class=\"elementor elementor-311\">\n\t\t\t\t\t\t<section class=\"elementor-section elementor-top-section elementor-element elementor-element-d75d164 elementor-section-boxed elementor-section-height-default elementor-section-height-default\" data-id=\"d75d164\" data-element_type=\"section\" data-settings=\"{&quot;background_background&quot;:&quot;classic&quot;}\">\n\t\t\t\t\t\t<div class=\"elementor-container elementor-column-gap-default\">\n\t\t\t\t\t<div class=\"elementor-column elementor-col-100 elementor-top-column elementor-element elementor-element-d75d63e\" data-id=\"d75d63e\" data-element_type=\"column\">\n\t\t\t<div class=\"elementor-widget-wrap elementor-element-populated\">\n\t\t\t\t\t\t<div class=\"elementor-element elementor-element-d75e274 elementor-align-left elementor-widget elementor-widget-button\" data-id=\"d75e274\" data-element_type=\"widget\" data-widget_type=\"button.default\">\n\t\t\t\t<div class=\"elementor-widget-container\">\n\t\t\t\t\t\t\t\t\t<div class=\"elementor-button-wrapper icon_align_  button_block\">\n\t\t\t\t\t<a class=\"elementor-button elementor-button-link elementor-size-lg\" href=\"#\">\n\t\t\t\t\t\t<span class=\"elementor-button-content-wrapper\">\n\t\t\t\t\t\t<span class=\"elementor-button-icon\">\n\t\t\t\t<i aria-hidden=\"true\" class=\"fa fa-file-pdf-o\"><\/i>\t\t\t<\/span>\n\t\t\t\t\t\t\t\t\t<span class=\"elementor-button-text\">Presentaci\u00f3n Empresa<\/span>\n\t\t\t\t\t<\/span>\n\t\t\t\t\t<\/a>\n\t\t\t\t<\/div>\n\t\t\t\t\t\t\t\t<\/div>\n\t\t\t\t<\/div>\n\t\t\t\t\t<\/div>\n\t\t<\/div>\n\t\t\t\t\t<\/div>\n\t\t<\/section>\n\t\t\t\t<section class=\"elementor-section elementor-top-section elementor-element elementor-element-d75f04d third_bg_color elementor-section-boxed elementor-section-height-default elementor-section-height-default\" data-id=\"d75f04d\" data-element_type=\"section\" data-settings=\"{&quot;background_background&quot;:&quot;classic&quot;}\">\n\t\t\t\t\t\t\t<div class=\"elementor-background-overlay\"><\/div>\n\t\t\t\t\t\t\t<div class=\"elementor-container elementor-column-gap-default\">\n\t\t\t\t\t<div class=\"elementor-column elementor-col-100 elementor-top-column elementor-element elementor-element-d75f502\" data-id=\"d75f502\" data-element_type=\"column\" data-settings=\"{&quot;background_background&quot;:&quot;classic&quot;}\">\n\t\t\t<div class=\"elementor-widget-wrap elementor-element-populated\">\n\t\t\t\t\t\t<div class=\"elementor-element elementor-element-d75f8fa elementor-widget elementor-widget-vc_custom_heading\" data-id=\"d75f8fa\" data-element_type=\"widget\" data-widget_type=\"vc_custom_heading.default\">\n\t\t\t\t<div class=\"elementor-widget-container\">\n\t\t\t\t\t<div class=\"vc_custom_heading  consulting_heading_font  text_align_left\" ><div style=\"font-size: 16px;color: #222222;text-align: left;font-weight:700\" class=\"consulting-custom-title\">\u00bfC\u00f3mo podemos ayudarte?\n<\/div><\/div>\t\t\t\t<\/div>\n\t\t\t\t<\/div>\n\t\t\t\t<div class=\"elementor-element elementor-element-d75fbf9 elementor-widget elementor-widget-text-editor\" data-id=\"d75fbf9\" data-element_type=\"widget\" data-widget_type=\"text-editor.default\">\n\t\t\t\t<div class=\"elementor-widget-container\">\n\t\t\t\t\t\t\t\t\t<p><span style=\"font-size: 13px; line-height: 22px;\">Contactanos para conversar sobre nuestros servicios.<\/span><\/p>\n\t\t\t\t\t\t\t\t<\/div>\n\t\t\t\t<\/div>\n\t\t\t\t<div class=\"elementor-element elementor-element-d760053 elementor-widget__width-auto elementor-widget elementor-widget-button\" data-id=\"d760053\" data-element_type=\"widget\" data-widget_type=\"button.default\">\n\t\t\t\t<div class=\"elementor-widget-container\">\n\t\t\t\t\t\t\t\t\t<div class=\"elementor-button-wrapper icon_align_\">\n\t\t\t\t\t<a class=\"elementor-button elementor-button-link elementor-size-sm\" href=\"#\">\n\t\t\t\t\t\t<span class=\"elementor-button-content-wrapper\">\n\t\t\t\t\t\t<span class=\"elementor-button-icon\">\n\t\t\t\t<i aria-hidden=\"true\" class=\"fa fa-phone-square\"><\/i>\t\t\t<\/span>\n\t\t\t\t\t\t\t\t\t<span class=\"elementor-button-text\">contacto<\/span>\n\t\t\t\t\t<\/span>\n\t\t\t\t\t<\/a>\n\t\t\t\t<\/div>\n\t\t\t\t\t\t\t\t<\/div>\n\t\t\t\t<\/div>\n\t\t\t\t\t<\/div>\n\t\t<\/div>\n\t\t\t\t\t<\/div>\n\t\t<\/section>\n\t\t\t\t<section class=\"elementor-section elementor-top-section elementor-element elementor-element-d760a9c elementor-section-boxed elementor-section-height-default elementor-section-height-default\" data-id=\"d760a9c\" data-element_type=\"section\">\n\t\t\t\t\t\t<div class=\"elementor-container elementor-column-gap-default\">\n\t\t\t\t\t<div class=\"elementor-column elementor-col-100 elementor-top-column elementor-element elementor-element-d760f5a\" data-id=\"d760f5a\" data-element_type=\"column\">\n\t\t\t<div class=\"elementor-widget-wrap elementor-element-populated\">\n\t\t\t\t\t\t<div class=\"elementor-element elementor-element-d7612fa elementor-widget elementor-widget-stm_testimonials\" data-id=\"d7612fa\" data-element_type=\"widget\" data-widget_type=\"stm_testimonials.default\">\n\t\t\t\t<div class=\"elementor-widget-container\">\n\t\t\t\t\t\n\n\t\n\t\t\t\t\t<\/div>\n\t\t\t\t<\/div>\n\t\t\t\t\t<\/div>\n\t\t<\/div>\n\t\t\t\t\t<\/div>\n\t\t<\/section>\n\t\t\t\t<\/div>\n\t\t    \n<\/div>\t\t\t\t<\/div>\n\t\t\t\t<\/div>\n\t\t\t\t\t<\/div>\n\t\t<\/div>\n\t\t\t\t\t<\/div>\n\t\t<\/section>\n\t\t\t\t<\/div>","protected":false},"excerpt":{"rendered":"<p>Sobre StartupEdu Somos una Consultora internacional en gesti\u00f3n, coordinaci\u00f3n, monitoreo y evaluaci\u00f3n de proyectos de cooperaci\u00f3n internacional, con enfoque al impacto social, econ\u00f3mico, emprendimiento y la innovaci\u00f3n en varios pa\u00edses de Latinoam\u00e9rica. Cuenta adem\u00e1s con experiencia espec\u00edfica en comunicaci\u00f3n institucional, atenci\u00f3n al cliente interno y externo, manejo de personal, an\u00e1lisis de datos y tendencias, comercializaci\u00f3n<\/p>","protected":false},"author":1,"featured_media":0,"parent":0,"menu_order":0,"comment_status":"closed","ping_status":"closed","template":"","meta":{"footnotes":""},"class_list":["post-6352","page","type-page","status-publish","hentry"],"_links":{"self":[{"href":"http:\/\/startupedu.do\/fr\/wp-json\/wp\/v2\/pages\/6352","targetHints":{"allow":["GET"]}}],"collection":[{"href":"http:\/\/startupedu.do\/fr\/wp-json\/wp\/v2\/pages"}],"about":[{"href":"http:\/\/startupedu.do\/fr\/wp-json\/wp\/v2\/types\/page"}],"author":[{"embeddable":true,"href":"http:\/\/startupedu.do\/fr\/wp-json\/wp\/v2\/users\/1"}],"replies":[{"embeddable":true,"href":"http:\/\/startupedu.do\/fr\/wp-json\/wp\/v2\/comments?post=6352"}],"version-history":[{"count":27,"href":"http:\/\/startupedu.do\/fr\/wp-json\/wp\/v2\/pages\/6352\/revisions"}],"predecessor-version":[{"id":8056,"href":"http:\/\/startupedu.do\/fr\/wp-json\/wp\/v2\/pages\/6352\/revisions\/8056"}],"wp:attachment":[{"href":"http:\/\/startupedu.do\/fr\/wp-json\/wp\/v2\/media?parent=6352"}],"curies":[{"name":"wp","href":"https:\/\/api.w.org\/{rel}","templated":true}]}}