{"id":7008,"date":"2016-01-13T17:48:37","date_gmt":"2016-01-13T17:48:37","guid":{"rendered":"http:\/\/consulting.stylemixthemes.com\/demo\/?page_id=558"},"modified":"2025-02-28T07:51:30","modified_gmt":"2025-02-28T11:51:30","slug":"servicios-2","status":"publish","type":"page","link":"http:\/\/startupedu.do\/fr\/servicios-2\/","title":{"rendered":"servicios"},"content":{"rendered":"<div data-elementor-type=\"wp-page\" data-elementor-id=\"7008\" class=\"elementor elementor-7008\">\n\t\t\t\t\t\t<section class=\"elementor-section elementor-top-section elementor-element elementor-element-a522fa7 elementor-section-boxed elementor-section-height-default elementor-section-height-default\" data-id=\"a522fa7\" data-element_type=\"section\" data-settings=\"{&quot;background_background&quot;:&quot;classic&quot;}\">\n\t\t\t\t\t\t<div class=\"elementor-container elementor-column-gap-default\">\n\t\t\t\t\t<div class=\"elementor-column elementor-col-100 elementor-top-column elementor-element elementor-element-a523487\" data-id=\"a523487\" data-element_type=\"column\">\n\t\t\t<div class=\"elementor-widget-wrap elementor-element-populated\">\n\t\t\t\t\t\t<div class=\"elementor-element elementor-element-a523852 elementor-widget elementor-widget-stm_services\" data-id=\"a523852\" data-element_type=\"widget\" data-widget_type=\"stm_services.default\">\n\t\t\t\t<div class=\"elementor-widget-container\">\n\t\t\t\t\t\n\n    <div class=\"stm_services consulting_elementor_services style_1 cols_3\">\n                    <div class=\"item\">\n                <div class=\"item_wr\">\n                                            \n                        <div class=\"item_thumbnail\">\n                            <a href=\"http:\/\/startupedu.do\/fr\/servicio\/formacion-en-emprendimiento\/\">\n                                <img src='https:\/\/startupedu.do\/wp-content\/uploads\/2024\/05\/portfolio-4-1.jpg' alt='' \/>                            <\/a>\n                                                    <\/div>\n                                                            <div class=\"content\" >\n                                                    <h5><a href=\"http:\/\/startupedu.do\/fr\/servicio\/formacion-en-emprendimiento\/\"  >Formaci\u00f3n en Emprendimiento<\/a><\/h5>\n                                                                                                    <p>Desarrolla tu potencial con programas especializados.<\/p>\n                                                                    <\/div>\n                <\/div>\n            <\/div>\n                    <div class=\"item\">\n                <div class=\"item_wr\">\n                                            \n                        <div class=\"item_thumbnail\">\n                            <a href=\"http:\/\/startupedu.do\/fr\/servicio\/capacitacion-y-talleres\/\">\n                                <img src='https:\/\/startupedu.do\/wp-content\/uploads\/2024\/05\/portfolio-5-1.jpg' alt='' \/>                            <\/a>\n                                                    <\/div>\n                                                            <div class=\"content\" >\n                                                    <h5><a href=\"http:\/\/startupedu.do\/fr\/servicio\/capacitacion-y-talleres\/\"  >Capacitaci\u00f3n y Talleres<\/a><\/h5>\n                                                                                                    <p>Formaci\u00f3n pr\u00e1ctica y efectiva para tu equipo.<\/p>\n                                                                    <\/div>\n                <\/div>\n            <\/div>\n                    <div class=\"item\">\n                <div class=\"item_wr\">\n                                            \n                        <div class=\"item_thumbnail\">\n                            <a href=\"http:\/\/startupedu.do\/fr\/servicio\/diseno-de-programas-educativos\/\">\n                                <img src='https:\/\/startupedu.do\/wp-content\/uploads\/2024\/05\/posts-1-1.jpg' alt='' \/>                            <\/a>\n                                                    <\/div>\n                                                            <div class=\"content\" >\n                                                    <h5><a href=\"http:\/\/startupedu.do\/fr\/servicio\/diseno-de-programas-educativos\/\"  >Dise\u00f1o de Programas Educativos<\/a><\/h5>\n                                                                                                    <p> Innovaci\u00f3n educativa a tu medida, basada en andradog\u00eda. <\/p>\n                                                                    <\/div>\n                <\/div>\n            <\/div>\n                    <div class=\"item\">\n                <div class=\"item_wr\">\n                                            \n                        <div class=\"item_thumbnail\">\n                            <a href=\"http:\/\/startupedu.do\/fr\/servicio\/consultoria-de-gestion\/\">\n                                <img src='https:\/\/startupedu.do\/wp-content\/uploads\/2024\/05\/posts-2-1.jpg' alt='' \/>                            <\/a>\n                                                    <\/div>\n                                                            <div class=\"content\" >\n                                                    <h5><a href=\"http:\/\/startupedu.do\/fr\/servicio\/consultoria-de-gestion\/\"  >Consultor\u00eda de Gesti\u00f3n<\/a><\/h5>\n                                                                                                    <p> Optimiza tu organizaci\u00f3n con nuestra asesor\u00eda y acompa\u00f1amiento en los procesos que tu proyecto necesite. <\/p>\n                                                                    <\/div>\n                <\/div>\n            <\/div>\n                    <div class=\"item\">\n                <div class=\"item_wr\">\n                                            \n                        <div class=\"item_thumbnail\">\n                            <a href=\"http:\/\/startupedu.do\/fr\/servicio\/formacion-de-formadores\/\">\n                                <img src='https:\/\/startupedu.do\/wp-content\/uploads\/2024\/05\/portfolio-1-1.jpg' alt='' \/>                            <\/a>\n                                                    <\/div>\n                                                            <div class=\"content\" >\n                                                    <h5><a href=\"http:\/\/startupedu.do\/fr\/servicio\/formacion-de-formadores\/\"  >Formaci\u00f3n de Formadores<\/a><\/h5>\n                                                                                                    <p>Capacita a quienes liderar\u00e1n el cambio en tu proyecto o empresa. <\/p>\n                                                                    <\/div>\n                <\/div>\n            <\/div>\n                    <div class=\"item\">\n                <div class=\"item_wr\">\n                                            \n                        <div class=\"item_thumbnail\">\n                            <a href=\"http:\/\/startupedu.do\/fr\/servicio\/asesoramiento-empresarial\/\">\n                                <img src='https:\/\/startupedu.do\/wp-content\/uploads\/2024\/05\/portfolio-2-1.jpg' alt='' \/>                            <\/a>\n                                                    <\/div>\n                                                            <div class=\"content\" >\n                                                    <h5><a href=\"http:\/\/startupedu.do\/fr\/servicio\/asesoramiento-empresarial\/\"  >Asesoramiento Empresarial<\/a><\/h5>\n                                                                                                    <p>Soluciones personalizadas para tus retos y metas espec\u00edficas.<\/p>\n                                                                    <\/div>\n                <\/div>\n            <\/div>\n            <\/div>\n\t\t\t\t<\/div>\n\t\t\t\t<\/div>\n\t\t\t\t\t<\/div>\n\t\t<\/div>\n\t\t\t\t<div class=\"elementor-column elementor-col-25 elementor-top-column elementor-element elementor-element-a523902 elementor-hidden-tablet elementor-hidden-phone\" data-id=\"a523902\" data-element_type=\"column\">\n\t\t\t<div class=\"elementor-widget-wrap elementor-element-populated\">\n\t\t\t\t\t\t<div class=\"elementor-element elementor-element-a523c52 elementor-widget elementor-widget-stm_sidebar\" data-id=\"a523c52\" data-element_type=\"widget\" data-widget_type=\"stm_sidebar.default\">\n\t\t\t\t<div class=\"elementor-widget-container\">\n\t\t\t\t\t\n<div class=\"stm_sidebar consulting_elementor_sidebar\">\n\n            \t\t<div data-elementor-type=\"wp-post\" data-elementor-id=\"573\" class=\"elementor elementor-573\">\n\t\t\t\t\t\t<section class=\"elementor-section elementor-top-section elementor-element elementor-element-94dab47 third_bg_color elementor-section-boxed elementor-section-height-default elementor-section-height-default\" data-id=\"94dab47\" data-element_type=\"section\" data-settings=\"{&quot;background_background&quot;:&quot;classic&quot;}\">\n\t\t\t\t\t\t<div class=\"elementor-container elementor-column-gap-default\">\n\t\t\t\t\t<div class=\"elementor-column elementor-col-100 elementor-top-column elementor-element elementor-element-94dafc1\" data-id=\"94dafc1\" data-element_type=\"column\" data-settings=\"{&quot;background_background&quot;:&quot;classic&quot;}\">\n\t\t\t<div class=\"elementor-widget-wrap elementor-element-populated\">\n\t\t\t\t\t\t<div class=\"elementor-element elementor-element-94db351 elementor-widget elementor-widget-vc_custom_heading\" data-id=\"94db351\" data-element_type=\"widget\" data-widget_type=\"vc_custom_heading.default\">\n\t\t\t\t<div class=\"elementor-widget-container\">\n\t\t\t\t\t<div class=\"vc_custom_heading  consulting_heading_font  text_align_left\" ><div style=\"font-size: 16px;text-align: left;font-weight:700\" class=\"consulting-custom-title\">\u00bfC\u00f3mo podemos ayudarte?\n<\/div><\/div>\t\t\t\t<\/div>\n\t\t\t\t<\/div>\n\t\t\t\t<div class=\"elementor-element elementor-element-94db635 elementor-widget elementor-widget-text-editor\" data-id=\"94db635\" data-element_type=\"widget\" data-widget_type=\"text-editor.default\">\n\t\t\t\t<div class=\"elementor-widget-container\">\n\t\t\t\t\t\t\t\t\t<p><span style=\"font-size: 13px; line-height: 22px;\">Contact us at the Consulting WP office nearest to you or submit a business inquiry online.<\/span><\/p>\n\t\t\t\t\t\t\t\t<\/div>\n\t\t\t\t<\/div>\n\t\t\t\t<div class=\"elementor-element elementor-element-94db870 elementor-widget__width-auto elementor-widget elementor-widget-button\" data-id=\"94db870\" data-element_type=\"widget\" data-widget_type=\"button.default\">\n\t\t\t\t<div class=\"elementor-widget-container\">\n\t\t\t\t\t\t\t\t\t<div class=\"elementor-button-wrapper icon_align_\">\n\t\t\t\t\t<a class=\"elementor-button elementor-button-link elementor-size-sm\" href=\"\/fr\/contacto\/\">\n\t\t\t\t\t\t<span class=\"elementor-button-content-wrapper\">\n\t\t\t\t\t\t<span class=\"elementor-button-icon\">\n\t\t\t\t<i aria-hidden=\"true\" class=\"fa fa-phone-square\"><\/i>\t\t\t<\/span>\n\t\t\t\t\t\t\t\t\t<span class=\"elementor-button-text\">contacto<\/span>\n\t\t\t\t\t<\/span>\n\t\t\t\t\t<\/a>\n\t\t\t\t<\/div>\n\t\t\t\t\t\t\t\t<\/div>\n\t\t\t\t<\/div>\n\t\t\t\t\t<\/div>\n\t\t<\/div>\n\t\t\t\t\t<\/div>\n\t\t<\/section>\n\t\t\t\t<section class=\"elementor-section elementor-top-section elementor-element elementor-element-94dc3eb elementor-section-boxed elementor-section-height-default elementor-section-height-default\" data-id=\"94dc3eb\" data-element_type=\"section\" data-settings=\"{&quot;background_background&quot;:&quot;classic&quot;}\">\n\t\t\t\t\t\t<div class=\"elementor-container elementor-column-gap-default\">\n\t\t\t\t\t<div class=\"elementor-column elementor-col-100 elementor-top-column elementor-element elementor-element-94dc881\" data-id=\"94dc881\" data-element_type=\"column\">\n\t\t\t<div class=\"elementor-widget-wrap elementor-element-populated\">\n\t\t\t\t\t\t<div class=\"elementor-element elementor-element-94dcc42 elementor-align-left elementor-widget elementor-widget-button\" data-id=\"94dcc42\" data-element_type=\"widget\" data-widget_type=\"button.default\">\n\t\t\t\t<div class=\"elementor-widget-container\">\n\t\t\t\t\t\t\t\t\t<div class=\"elementor-button-wrapper icon_align_  button_block\">\n\t\t\t\t\t<a class=\"elementor-button elementor-button-link elementor-size-lg\" href=\"#\">\n\t\t\t\t\t\t<span class=\"elementor-button-content-wrapper\">\n\t\t\t\t\t\t<span class=\"elementor-button-icon\">\n\t\t\t\t<i aria-hidden=\"true\" class=\"fa fa-file-pdf-o\"><\/i>\t\t\t<\/span>\n\t\t\t\t\t\t\t\t\t<span class=\"elementor-button-text\">Descargar Presentaci\u00f3n<\/span>\n\t\t\t\t\t<\/span>\n\t\t\t\t\t<\/a>\n\t\t\t\t<\/div>\n\t\t\t\t\t\t\t\t<\/div>\n\t\t\t\t<\/div>\n\t\t\t\t<div class=\"elementor-element elementor-element-94dd605 elementor-widget elementor-widget-stm_testimonials\" data-id=\"94dd605\" data-element_type=\"widget\" data-widget_type=\"stm_testimonials.default\">\n\t\t\t\t<div class=\"elementor-widget-container\">\n\t\t\t\t\t\n\n\t\n\t\t\t\t\t<\/div>\n\t\t\t\t<\/div>\n\t\t\t\t<div class=\"elementor-element elementor-element-94dd6c1 elementor-widget elementor-widget-wp-widget-recent-posts\" data-id=\"94dd6c1\" data-element_type=\"widget\" data-widget_type=\"wp-widget-recent-posts.default\">\n\t\t\t\t<div class=\"elementor-widget-container\">\n\t\t\t\t\t<aside class='widget widget_recent_entries'>\n\t\t\n\t\t<h5 class=\"widget_title\">Articles r\u00e9cents<\/h5>\n\t\t<ul>\n\t\t\t\t\t\t\t\t\t\t\t<li>\n\t\t\t\t\t<a href=\"http:\/\/startupedu.do\/fr\/2026\/03\/30\/mas-alla-del-monitoreo-transformar-datos-en-decisiones-y-resultados-en-impacto\/\">M\u00e1s all\u00e1 del monitoreo: transformar datos en decisiones y resultados en impacto<\/a>\n\t\t\t\t\t\t\t\t\t<\/li>\n\t\t\t\t\t\t\t\t\t\t\t<li>\n\t\t\t\t\t<a href=\"http:\/\/startupedu.do\/fr\/2024\/08\/07\/medios-de-vida-y-el-cumplimiento-de-la-nd-5\/\">Moyens de subsistance et conformit\u00e9 \u00e0 la norme ND-5<\/a>\n\t\t\t\t\t\t\t\t\t<\/li>\n\t\t\t\t\t\t\t\t\t\t\t<li>\n\t\t\t\t\t<a href=\"http:\/\/startupedu.do\/fr\/2024\/07\/23\/educacion-basada-en-andragogia-un-enfoque-innovador-para-el-aprendizaje-de-adultos\/\">L'\u00e9ducation fond\u00e9e sur l'andragogie : une approche innovante de l'apprentissage des adultes<\/a>\n\t\t\t\t\t\t\t\t\t<\/li>\n\t\t\t\t\t\t\t\t\t\t\t<li>\n\t\t\t\t\t<a href=\"http:\/\/startupedu.do\/fr\/2016\/01\/22\/within-the-construction-industry-as-their-overdraft\/\">Within the construction industry as their overdraft<\/a>\n\t\t\t\t\t\t\t\t\t<\/li>\n\t\t\t\t\t<\/ul>\n\n\t\t<\/aside>\t\t\t\t<\/div>\n\t\t\t\t<\/div>\n\t\t\t\t\t<\/div>\n\t\t<\/div>\n\t\t\t\t\t<\/div>\n\t\t<\/section>\n\t\t\t\t<\/div>\n\t\t    \n<\/div>\t\t\t\t<\/div>\n\t\t\t\t<\/div>\n\t\t\t\t\t<\/div>\n\t\t<\/div>\n\t\t\t\t\t<\/div>\n\t\t<\/section>\n\t\t\t\t<\/div>","protected":false},"excerpt":{"rendered":"<p>Formaci\u00f3n en Emprendimiento Desarrolla tu potencial con programas especializados. Capacitaci\u00f3n y Talleres Formaci\u00f3n pr\u00e1ctica y efectiva para tu equipo. Dise\u00f1o de Programas Educativos Innovaci\u00f3n educativa a tu medida, basada en andradog\u00eda. Consultor\u00eda de Gesti\u00f3n Optimiza tu organizaci\u00f3n con nuestra asesor\u00eda y acompa\u00f1amiento en los procesos que tu proyecto necesite. Formaci\u00f3n de Formadores Capacita a quienes<\/p>","protected":false},"author":1,"featured_media":0,"parent":0,"menu_order":0,"comment_status":"closed","ping_status":"closed","template":"","meta":{"footnotes":""},"class_list":["post-7008","page","type-page","status-publish","hentry"],"_links":{"self":[{"href":"http:\/\/startupedu.do\/fr\/wp-json\/wp\/v2\/pages\/7008","targetHints":{"allow":["GET"]}}],"collection":[{"href":"http:\/\/startupedu.do\/fr\/wp-json\/wp\/v2\/pages"}],"about":[{"href":"http:\/\/startupedu.do\/fr\/wp-json\/wp\/v2\/types\/page"}],"author":[{"embeddable":true,"href":"http:\/\/startupedu.do\/fr\/wp-json\/wp\/v2\/users\/1"}],"replies":[{"embeddable":true,"href":"http:\/\/startupedu.do\/fr\/wp-json\/wp\/v2\/comments?post=7008"}],"version-history":[{"count":8,"href":"http:\/\/startupedu.do\/fr\/wp-json\/wp\/v2\/pages\/7008\/revisions"}],"predecessor-version":[{"id":7843,"href":"http:\/\/startupedu.do\/fr\/wp-json\/wp\/v2\/pages\/7008\/revisions\/7843"}],"wp:attachment":[{"href":"http:\/\/startupedu.do\/fr\/wp-json\/wp\/v2\/media?parent=7008"}],"curies":[{"name":"wp","href":"https:\/\/api.w.org\/{rel}","templated":true}]}}