{"id":7006,"date":"2021-07-08T07:17:26","date_gmt":"2021-07-08T11:17:26","guid":{"rendered":"http:\/\/consulting.stylemixthemes.com\/demo\/?page_id=440"},"modified":"2025-02-28T07:41:08","modified_gmt":"2025-02-28T11:41:08","slug":"nuestro-equipo","status":"publish","type":"page","link":"https:\/\/startupedu.do\/fr\/nosotros\/nuestro-equipo\/","title":{"rendered":"Notre \u00c9quipe"},"content":{"rendered":"<div data-elementor-type=\"wp-page\" data-elementor-id=\"7006\" class=\"elementor elementor-7006\">\n\t\t\t\t\t\t<section class=\"elementor-section elementor-top-section elementor-element elementor-element-b51c723 elementor-section-boxed elementor-section-height-default elementor-section-height-default\" data-id=\"b51c723\" data-element_type=\"section\" data-settings=\"{&quot;background_background&quot;:&quot;classic&quot;}\">\n\t\t\t\t\t\t<div class=\"elementor-container elementor-column-gap-default\">\n\t\t\t\t\t<div class=\"elementor-column elementor-col-75 elementor-top-column elementor-element elementor-element-b51cb9b\" data-id=\"b51cb9b\" data-element_type=\"column\">\n\t\t\t<div class=\"elementor-widget-wrap elementor-element-populated\">\n\t\t\t\t\t\t<div class=\"elementor-element elementor-element-b51cef5 elementor-widget elementor-widget-vc_custom_heading\" data-id=\"b51cef5\" data-element_type=\"widget\" data-widget_type=\"vc_custom_heading.default\">\n\t\t\t\t<div class=\"elementor-widget-container\">\n\t\t\t\t\t<div class=\"vc_custom_heading  consulting_heading_font  text_align_left\" ><h2 style=\"text-align: left;font-weight:700\" class=\"consulting-custom-title\">Notre \u00c9quipe<\/h2><\/div>\t\t\t\t<\/div>\n\t\t\t\t<\/div>\n\t\t\t\t<div class=\"elementor-element elementor-element-b51d1c3 elementor-widget elementor-widget-stm_staff_list\" data-id=\"b51d1c3\" data-element_type=\"widget\" data-widget_type=\"stm_staff_list.default\">\n\t\t\t\t<div class=\"elementor-widget-container\">\n\t\t\t\t\t\n\n    <div class=\"staff_list consulting_elementor_staff_list  list\">\n        <ul class=\"\">\n                            <li>\n                    \n                                                    <div class=\"staff_image\">\n                                <a href=\"https:\/\/startupedu.do\/fr\/equipo\/elizabeth-chicas\/\">\n                                    <img fetchpriority=\"high\" decoding=\"async\" width=\"350\" height=\"250\" src=\"https:\/\/startupedu.do\/wp-content\/uploads\/2021\/07\/EC-350x250.jpg\" class=\"attachment-consulting-image-350x250-croped size-consulting-image-350x250-croped wp-post-image\" alt=\"\" srcset=\"https:\/\/startupedu.do\/wp-content\/uploads\/2021\/07\/EC-350x250.jpg 350w, https:\/\/startupedu.do\/wp-content\/uploads\/2021\/07\/EC-255x182.jpg 255w\" sizes=\"(max-width: 350px) 100vw, 350px\" \/>                                <\/a>\n                                <ul class=\"staff_socials hidden\">\n                                                                            <li class=\"staff_facebook\">\n                                            <a href=\"#\"><i\n                                                    class=\"fa fa-facebook\"><\/i><\/a>\n                                        <\/li>\n                                                                                                                <li class=\"staff_twitter\">\n                                            <a href=\"#\"><i\n                                                    class=\"fa fa-twitter\"><\/i><\/a>\n                                        <\/li>\n                                                                                                                <li class=\"staff_google_plus\">\n                                            <a href=\"#\"><i\n                                                    class=\"fa fa-google-plus\"><\/i><\/a>\n                                        <\/li>\n                                                                                                                <li class=\"staff_linkedin\">\n                                            <a href=\"\/fr\/linkedin.com\/in\/elizabeth-chicas\/\"><i\n                                                    class=\"fa fa-linkedin\"><\/i><\/a>\n                                        <\/li>\n                                                                    <\/ul>\n                            <\/div>\n                                                <div class=\"staff_info\">\n                            <h4 class=\"no_stripe\">\n                                <a href=\"https:\/\/startupedu.do\/fr\/equipo\/elizabeth-chicas\/\" class=\"secondary_font_color_hv text_decoration_none\">Elizabeth Chicas<\/a>\n                            <\/h4>\n                                                            <div class=\"staff_department\">\n                                    Gerente de Sostenibilidad y Comunicaci\u00f3n                                <\/div>\n                                                                                        <p>Licenciada en Mercadotecnia y Publicidad con especializaci\u00f3n en Administraci\u00f3n de Proyectos. Experta en gesti\u00f3n de proyectos de cooperaci\u00f3n internacional...<\/p>\n                                                                                        <a href=\"https:\/\/startupedu.do\/fr\/equipo\/elizabeth-chicas\/\"\n                                   class=\"button bordered size-sm icon_right\">Voir le profil                                    <i class=\"fa fa-chevron-right\"><\/i><\/a>\n                                                    <\/div>\n\n                <\/li>\n                            <li>\n                    \n                                                    <div class=\"staff_image\">\n                                <a href=\"https:\/\/startupedu.do\/fr\/equipo\/luis-conejo-fernandez\/\">\n                                    <img decoding=\"async\" width=\"350\" height=\"250\" src=\"https:\/\/startupedu.do\/wp-content\/uploads\/2021\/07\/LC-350x250.jpg\" class=\"attachment-consulting-image-350x250-croped size-consulting-image-350x250-croped wp-post-image\" alt=\"\" srcset=\"https:\/\/startupedu.do\/wp-content\/uploads\/2021\/07\/LC-350x250.jpg 350w, https:\/\/startupedu.do\/wp-content\/uploads\/2021\/07\/LC-255x182.jpg 255w\" sizes=\"(max-width: 350px) 100vw, 350px\" \/>                                <\/a>\n                                <ul class=\"staff_socials hidden\">\n                                                                            <li class=\"staff_facebook\">\n                                            <a href=\"#\"><i\n                                                    class=\"fa fa-facebook\"><\/i><\/a>\n                                        <\/li>\n                                                                                                                <li class=\"staff_twitter\">\n                                            <a href=\"#\"><i\n                                                    class=\"fa fa-twitter\"><\/i><\/a>\n                                        <\/li>\n                                                                                                                <li class=\"staff_google_plus\">\n                                            <a href=\"#\"><i\n                                                    class=\"fa fa-google-plus\"><\/i><\/a>\n                                        <\/li>\n                                                                                                                <li class=\"staff_linkedin\">\n                                            <a href=\"#\"><i\n                                                    class=\"fa fa-linkedin\"><\/i><\/a>\n                                        <\/li>\n                                                                    <\/ul>\n                            <\/div>\n                                                <div class=\"staff_info\">\n                            <h4 class=\"no_stripe\">\n                                <a href=\"https:\/\/startupedu.do\/fr\/equipo\/luis-conejo-fernandez\/\" class=\"secondary_font_color_hv text_decoration_none\">Luis Conejo Fern\u00e1ndez<\/a>\n                            <\/h4>\n                                                            <div class=\"staff_department\">\n                                    Gerente General                                <\/div>\n                                                                                        <p>Consultor internacional con m\u00e1s de 20 a\u00f1os de experiencia en proyectos de desarrollo econ\u00f3mico y apoyo al emprendimiento en Latinoam\u00e9rica. Especialista...<\/p>\n                                                                                        <a href=\"https:\/\/startupedu.do\/fr\/equipo\/luis-conejo-fernandez\/\"\n                                   class=\"button bordered size-sm icon_right\">Voir le profil                                    <i class=\"fa fa-chevron-right\"><\/i><\/a>\n                                                    <\/div>\n\n                <\/li>\n                                <\/ul>\n\n    <\/div>\n\n\t\t\t\t<\/div>\n\t\t\t\t<\/div>\n\t\t\t\t\t<\/div>\n\t\t<\/div>\n\t\t\t\t<div class=\"elementor-column elementor-col-25 elementor-top-column elementor-element elementor-element-b51d26c\" data-id=\"b51d26c\" data-element_type=\"column\">\n\t\t\t<div class=\"elementor-widget-wrap elementor-element-populated\">\n\t\t\t\t\t\t<div class=\"elementor-element elementor-element-b51d5bd elementor-widget elementor-widget-stm_sidebar\" data-id=\"b51d5bd\" data-element_type=\"widget\" data-widget_type=\"stm_sidebar.default\">\n\t\t\t\t<div class=\"elementor-widget-container\">\n\t\t\t\t\t\n<div class=\"stm_sidebar consulting_elementor_sidebar\">\n\n            \t\t<div data-elementor-type=\"wp-post\" data-elementor-id=\"311\" class=\"elementor elementor-311\">\n\t\t\t\t\t\t<section class=\"elementor-section elementor-top-section elementor-element elementor-element-d75d164 elementor-section-boxed elementor-section-height-default elementor-section-height-default\" data-id=\"d75d164\" data-element_type=\"section\" data-settings=\"{&quot;background_background&quot;:&quot;classic&quot;}\">\n\t\t\t\t\t\t<div class=\"elementor-container elementor-column-gap-default\">\n\t\t\t\t\t<div class=\"elementor-column elementor-col-100 elementor-top-column elementor-element elementor-element-d75d63e\" data-id=\"d75d63e\" data-element_type=\"column\">\n\t\t\t<div class=\"elementor-widget-wrap elementor-element-populated\">\n\t\t\t\t\t\t<div class=\"elementor-element elementor-element-d75e274 elementor-align-left elementor-widget elementor-widget-button\" data-id=\"d75e274\" data-element_type=\"widget\" data-widget_type=\"button.default\">\n\t\t\t\t<div class=\"elementor-widget-container\">\n\t\t\t\t\t\t\t\t\t<div class=\"elementor-button-wrapper icon_align_  button_block\">\n\t\t\t\t\t<a class=\"elementor-button elementor-button-link elementor-size-lg\" href=\"#\">\n\t\t\t\t\t\t<span class=\"elementor-button-content-wrapper\">\n\t\t\t\t\t\t<span class=\"elementor-button-icon\">\n\t\t\t\t<i aria-hidden=\"true\" class=\"fa fa-file-pdf-o\"><\/i>\t\t\t<\/span>\n\t\t\t\t\t\t\t\t\t<span class=\"elementor-button-text\">Presentaci\u00f3n Empresa<\/span>\n\t\t\t\t\t<\/span>\n\t\t\t\t\t<\/a>\n\t\t\t\t<\/div>\n\t\t\t\t\t\t\t\t<\/div>\n\t\t\t\t<\/div>\n\t\t\t\t\t<\/div>\n\t\t<\/div>\n\t\t\t\t\t<\/div>\n\t\t<\/section>\n\t\t\t\t<section class=\"elementor-section elementor-top-section elementor-element elementor-element-d75f04d third_bg_color elementor-section-boxed elementor-section-height-default elementor-section-height-default\" data-id=\"d75f04d\" data-element_type=\"section\" data-settings=\"{&quot;background_background&quot;:&quot;classic&quot;}\">\n\t\t\t\t\t\t\t<div class=\"elementor-background-overlay\"><\/div>\n\t\t\t\t\t\t\t<div class=\"elementor-container elementor-column-gap-default\">\n\t\t\t\t\t<div class=\"elementor-column elementor-col-100 elementor-top-column elementor-element elementor-element-d75f502\" data-id=\"d75f502\" data-element_type=\"column\" data-settings=\"{&quot;background_background&quot;:&quot;classic&quot;}\">\n\t\t\t<div class=\"elementor-widget-wrap elementor-element-populated\">\n\t\t\t\t\t\t<div class=\"elementor-element elementor-element-d75f8fa elementor-widget elementor-widget-vc_custom_heading\" data-id=\"d75f8fa\" data-element_type=\"widget\" data-widget_type=\"vc_custom_heading.default\">\n\t\t\t\t<div class=\"elementor-widget-container\">\n\t\t\t\t\t<div class=\"vc_custom_heading  consulting_heading_font  text_align_left\" ><div style=\"font-size: 16px;color: #222222;text-align: left;font-weight:700\" class=\"consulting-custom-title\">\u00bfC\u00f3mo podemos ayudarte?\n<\/div><\/div>\t\t\t\t<\/div>\n\t\t\t\t<\/div>\n\t\t\t\t<div class=\"elementor-element elementor-element-d75fbf9 elementor-widget elementor-widget-text-editor\" data-id=\"d75fbf9\" data-element_type=\"widget\" data-widget_type=\"text-editor.default\">\n\t\t\t\t<div class=\"elementor-widget-container\">\n\t\t\t\t\t\t\t\t\t<p><span style=\"font-size: 13px; line-height: 22px;\">Contactanos para conversar sobre nuestros servicios.<\/span><\/p>\n\t\t\t\t\t\t\t\t<\/div>\n\t\t\t\t<\/div>\n\t\t\t\t<div class=\"elementor-element elementor-element-d760053 elementor-widget__width-auto elementor-widget elementor-widget-button\" data-id=\"d760053\" data-element_type=\"widget\" data-widget_type=\"button.default\">\n\t\t\t\t<div class=\"elementor-widget-container\">\n\t\t\t\t\t\t\t\t\t<div class=\"elementor-button-wrapper icon_align_\">\n\t\t\t\t\t<a class=\"elementor-button elementor-button-link elementor-size-sm\" href=\"#\">\n\t\t\t\t\t\t<span class=\"elementor-button-content-wrapper\">\n\t\t\t\t\t\t<span class=\"elementor-button-icon\">\n\t\t\t\t<i aria-hidden=\"true\" class=\"fa fa-phone-square\"><\/i>\t\t\t<\/span>\n\t\t\t\t\t\t\t\t\t<span class=\"elementor-button-text\">contacto<\/span>\n\t\t\t\t\t<\/span>\n\t\t\t\t\t<\/a>\n\t\t\t\t<\/div>\n\t\t\t\t\t\t\t\t<\/div>\n\t\t\t\t<\/div>\n\t\t\t\t\t<\/div>\n\t\t<\/div>\n\t\t\t\t\t<\/div>\n\t\t<\/section>\n\t\t\t\t<section class=\"elementor-section elementor-top-section elementor-element elementor-element-d760a9c elementor-section-boxed elementor-section-height-default elementor-section-height-default\" data-id=\"d760a9c\" data-element_type=\"section\">\n\t\t\t\t\t\t<div class=\"elementor-container elementor-column-gap-default\">\n\t\t\t\t\t<div class=\"elementor-column elementor-col-100 elementor-top-column elementor-element elementor-element-d760f5a\" data-id=\"d760f5a\" data-element_type=\"column\">\n\t\t\t<div class=\"elementor-widget-wrap elementor-element-populated\">\n\t\t\t\t\t\t<div class=\"elementor-element elementor-element-d7612fa elementor-widget elementor-widget-stm_testimonials\" data-id=\"d7612fa\" data-element_type=\"widget\" data-widget_type=\"stm_testimonials.default\">\n\t\t\t\t<div class=\"elementor-widget-container\">\n\t\t\t\t\t\n\n\t\n\t\t\t\t\t<\/div>\n\t\t\t\t<\/div>\n\t\t\t\t\t<\/div>\n\t\t<\/div>\n\t\t\t\t\t<\/div>\n\t\t<\/section>\n\t\t\t\t<\/div>\n\t\t    \n<\/div>\t\t\t\t<\/div>\n\t\t\t\t<\/div>\n\t\t\t\t\t<\/div>\n\t\t<\/div>\n\t\t\t\t\t<\/div>\n\t\t<\/section>\n\t\t\t\t<\/div>","protected":false},"excerpt":{"rendered":"<p>Nuestro Equipo Elizabeth Chicas Chief Finance Officer Licenciada en Mercadotecnia y Publicidad con especializaci\u00f3n en Administraci\u00f3n de Proyectos. Experta en gesti\u00f3n de proyectos de cooperaci\u00f3n internacional&#8230; view profile Luis Conejo Fern\u00e1ndez Gerente General &#8230; view profile Presentaci\u00f3n Empresa \u00bfC\u00f3mo podemos ayudarte? Contactanos para conversar sobre nuestros servicios. contacto<\/p>","protected":false},"author":1,"featured_media":0,"parent":6352,"menu_order":0,"comment_status":"closed","ping_status":"closed","template":"","meta":{"footnotes":""},"class_list":["post-7006","page","type-page","status-publish","hentry"],"_links":{"self":[{"href":"https:\/\/startupedu.do\/fr\/wp-json\/wp\/v2\/pages\/7006","targetHints":{"allow":["GET"]}}],"collection":[{"href":"https:\/\/startupedu.do\/fr\/wp-json\/wp\/v2\/pages"}],"about":[{"href":"https:\/\/startupedu.do\/fr\/wp-json\/wp\/v2\/types\/page"}],"author":[{"embeddable":true,"href":"https:\/\/startupedu.do\/fr\/wp-json\/wp\/v2\/users\/1"}],"replies":[{"embeddable":true,"href":"https:\/\/startupedu.do\/fr\/wp-json\/wp\/v2\/comments?post=7006"}],"version-history":[{"count":5,"href":"https:\/\/startupedu.do\/fr\/wp-json\/wp\/v2\/pages\/7006\/revisions"}],"predecessor-version":[{"id":7833,"href":"https:\/\/startupedu.do\/fr\/wp-json\/wp\/v2\/pages\/7006\/revisions\/7833"}],"up":[{"embeddable":true,"href":"https:\/\/startupedu.do\/fr\/wp-json\/wp\/v2\/pages\/6352"}],"wp:attachment":[{"href":"https:\/\/startupedu.do\/fr\/wp-json\/wp\/v2\/media?parent=7006"}],"curies":[{"name":"wp","href":"https:\/\/api.w.org\/{rel}","templated":true}]}}